{"id":120,"date":"2018-11-29T15:50:11","date_gmt":"2018-11-29T14:50:11","guid":{"rendered":"https:\/\/www.viverosfranco.com\/?post_type=product&#038;p=120"},"modified":"2018-11-29T16:16:30","modified_gmt":"2018-11-29T15:16:30","slug":"cupressus-arizonica-de-semilla","status":"publish","type":"product","link":"https:\/\/www.viverosfranco.com\/gl\/producto\/cupressus-arizonica-de-semilla\/","title":{"rendered":"Cupressus ariz\u00f3nica (de semilla)"},"content":{"rendered":"","protected":false},"excerpt":{"rendered":"<p>Su mayor uso es ornamental en parques y jardines de todo el mundo. Es una planta muy utilizada como linde para delimitar parcelas, debido a su car\u00e1cter robusto y tupido adem\u00e1s de ser f\u00e1cilmente moldeable a la hora de podar.<\/p>\n<p><strong>Presentaci\u00f3n:<\/strong><\/p>\n<table width=\"581\">\n<tbody>\n<tr>\n<td width=\"283\">Cupressus Ariz\u00f3nica (de semilla)<\/td>\n<td width=\"128\">50\/75<\/td>\n<td width=\"90\">m. alto<\/td>\n<td width=\"80\">C-14<\/td>\n<\/tr>\n<tr>\n<td>Cupressus Ariz\u00f3nica (de semilla)<\/td>\n<td>75\/100<\/td>\n<td>m. alto<\/td>\n<td>C-14<\/td>\n<\/tr>\n<\/tbody>\n<\/table>\n","protected":false},"featured_media":121,"template":"","meta":[],"product_cat":[19],"product_tag":[],"_links":{"self":[{"href":"https:\/\/www.viverosfranco.com\/gl\/wp-json\/wp\/v3\/product\/120"}],"collection":[{"href":"https:\/\/www.viverosfranco.com\/gl\/wp-json\/wp\/v3\/product"}],"about":[{"href":"https:\/\/www.viverosfranco.com\/gl\/wp-json\/wp\/v2\/types\/product"}],"version-history":[{"count":0,"href":"https:\/\/www.viverosfranco.com\/gl\/wp-json\/wp\/v3\/product\/120\/revisions"}],"wp:featuredmedia":[{"embeddable":true,"href":"https:\/\/www.viverosfranco.com\/gl\/wp-json\/wp\/v2\/media\/121"}],"wp:attachment":[{"href":"https:\/\/www.viverosfranco.com\/gl\/wp-json\/wp\/v2\/media?parent=120"}],"wp:term":[{"taxonomy":"product_cat","embeddable":true,"href":"https:\/\/www.viverosfranco.com\/gl\/wp-json\/wp\/v2\/product_cat?post=120"},{"taxonomy":"product_tag","embeddable":true,"href":"https:\/\/www.viverosfranco.com\/gl\/wp-json\/wp\/v2\/product_tag?post=120"}],"curies":[{"name":"wp","href":"https:\/\/api.w.org\/{rel}","templated":true}]}}