{"id":116,"date":"2018-11-29T15:28:52","date_gmt":"2018-11-29T14:28:52","guid":{"rendered":"https:\/\/www.viverosfranco.com\/?post_type=product&#038;p=116"},"modified":"2018-11-29T15:35:24","modified_gmt":"2018-11-29T14:35:24","slug":"cupressocyparis-leylandii-verde","status":"publish","type":"product","link":"https:\/\/www.viverosfranco.com\/gl\/producto\/cupressocyparis-leylandii-verde\/","title":{"rendered":"Cupressocyparis leylandii verde"},"content":{"rendered":"","protected":false},"excerpt":{"rendered":"<p>Cupressus leylandii alcanza un tama\u00f1o de entre 20 y 25 metros de altura. Las hojas se presentan en ramillos con forma de escama, ligeramente arom\u00e1ticas. Son de color verde oscuro, algo m\u00e1s p\u00e1lido en el env\u00e9s. Las semillas se encuentran en conos de unos 2 cm de longitud, con 8 escamas y 5 semillas con diminutas ves\u00edculas resinosas. Al ser el \u00e1rbol un h\u00edbrido las semillas son est\u00e9riles.<\/p>\n<p>Crece en todo tipo de suelos, prosperando incluso en suelos ligeramente salinos como los de las zonas litorales. Se adapta a todo tipo de climas, soportando fr\u00edos intensos. Se multiplica por esquejes, aunque con cierta dificultad.<\/p>\n<p><strong>Presentaci\u00f3n:<\/strong><\/p>\n<table width=\"581\">\n<tbody>\n<tr>\n<td width=\"283\">Cupressocyparis Leylandi Verde<\/td>\n<td width=\"128\">40\/50<\/td>\n<td width=\"90\">m. alto<\/td>\n<td width=\"80\">C-10<\/td>\n<\/tr>\n<tr>\n<td>Cupressocyparis Leylandi Verde<\/td>\n<td>Castelgold 50\/75<\/td>\n<td>m. alto<\/td>\n<td>C-17<\/td>\n<\/tr>\n<tr>\n<td>Cupressocyparis Leylandi Verde<\/td>\n<td>75\/100<\/td>\n<td>m. alto<\/td>\n<td>C-17<\/td>\n<\/tr>\n<tr>\n<td>Cupressocyparis Leylandi Verde<\/td>\n<td>100\/125<\/td>\n<td>m. alto<\/td>\n<td>C-17<\/td>\n<\/tr>\n<tr>\n<td>Cupressocyparis Leylandi Verde<\/td>\n<td>100\/125<\/td>\n<td>m. alto<\/td>\n<td>C-20<\/td>\n<\/tr>\n<tr>\n<td>Cupressocyparis Leylandi Verde<\/td>\n<td>125\/150<\/td>\n<td>m. alto<\/td>\n<td>C-20<\/td>\n<\/tr>\n<tr>\n<td>Cupressocyparis Leylandi Verde<\/td>\n<td>150\/175<\/td>\n<td>m. alto<\/td>\n<td>C-25<\/td>\n<\/tr>\n<tr>\n<td>Cupressocyparis Leylandi Verde<\/td>\n<td>200\/220<\/td>\n<td>m. alto<\/td>\n<td>cepe<\/td>\n<\/tr>\n<tr>\n<td>Cupressocyparis Leylandi Verde<\/td>\n<td>450\/500<\/td>\n<td>m. alto<\/td>\n<td>C-50<\/td>\n<\/tr>\n<\/tbody>\n<\/table>\n<p>&nbsp;<\/p>\n","protected":false},"featured_media":117,"template":"","meta":[],"product_cat":[19],"product_tag":[],"_links":{"self":[{"href":"https:\/\/www.viverosfranco.com\/gl\/wp-json\/wp\/v3\/product\/116"}],"collection":[{"href":"https:\/\/www.viverosfranco.com\/gl\/wp-json\/wp\/v3\/product"}],"about":[{"href":"https:\/\/www.viverosfranco.com\/gl\/wp-json\/wp\/v2\/types\/product"}],"version-history":[{"count":0,"href":"https:\/\/www.viverosfranco.com\/gl\/wp-json\/wp\/v3\/product\/116\/revisions"}],"wp:featuredmedia":[{"embeddable":true,"href":"https:\/\/www.viverosfranco.com\/gl\/wp-json\/wp\/v2\/media\/117"}],"wp:attachment":[{"href":"https:\/\/www.viverosfranco.com\/gl\/wp-json\/wp\/v2\/media?parent=116"}],"wp:term":[{"taxonomy":"product_cat","embeddable":true,"href":"https:\/\/www.viverosfranco.com\/gl\/wp-json\/wp\/v2\/product_cat?post=116"},{"taxonomy":"product_tag","embeddable":true,"href":"https:\/\/www.viverosfranco.com\/gl\/wp-json\/wp\/v2\/product_tag?post=116"}],"curies":[{"name":"wp","href":"https:\/\/api.w.org\/{rel}","templated":true}]}}