{"id":112,"date":"2018-11-29T13:37:53","date_gmt":"2018-11-29T12:37:53","guid":{"rendered":"https:\/\/www.viverosfranco.com\/?post_type=product&#038;p=112"},"modified":"2018-11-29T16:16:47","modified_gmt":"2018-11-29T15:16:47","slug":"chamaecyparis-lawsoniana-lane","status":"publish","type":"product","link":"https:\/\/www.viverosfranco.com\/gl\/producto\/chamaecyparis-lawsoniana-lane\/","title":{"rendered":"Chamaecyparis lawsoniana lane"},"content":{"rendered":"","protected":false},"excerpt":{"rendered":"<p>Tiene forma piramidal amplia con un impresionante follaje de hoja perenne amarillo dorado brillante y peque\u00f1os brotes y conos. Tiene ramas extendidas que conducen a un follaje rociado que es algo escamoso. Se considera una de las con\u00edferas doradas m\u00e1s brillantes de su grupo.<\/p>\n<p>Necesitan espacio para crecer bien, pero ser\u00e1n excelentes para iluminar su jard\u00edn. A menudo se utiliza como una con\u00edfera caracter\u00edstica en el c\u00e9sped debido a su color llamativo y su aspecto bien cuidado.<\/p>\n<p><strong>Presentaci\u00f3n:<\/strong><\/p>\n<table width=\"581\">\n<tbody>\n<tr>\n<td width=\"283\">Chamaecyparis Lawsoniana Lane<\/td>\n<td width=\"128\">80\/100<\/td>\n<td width=\"90\">m. alto<\/td>\n<td width=\"80\">C-20<\/td>\n<\/tr>\n<\/tbody>\n<\/table>\n","protected":false},"featured_media":113,"template":"","meta":[],"product_cat":[19],"product_tag":[],"_links":{"self":[{"href":"https:\/\/www.viverosfranco.com\/gl\/wp-json\/wp\/v3\/product\/112"}],"collection":[{"href":"https:\/\/www.viverosfranco.com\/gl\/wp-json\/wp\/v3\/product"}],"about":[{"href":"https:\/\/www.viverosfranco.com\/gl\/wp-json\/wp\/v2\/types\/product"}],"version-history":[{"count":0,"href":"https:\/\/www.viverosfranco.com\/gl\/wp-json\/wp\/v3\/product\/112\/revisions"}],"wp:featuredmedia":[{"embeddable":true,"href":"https:\/\/www.viverosfranco.com\/gl\/wp-json\/wp\/v2\/media\/113"}],"wp:attachment":[{"href":"https:\/\/www.viverosfranco.com\/gl\/wp-json\/wp\/v2\/media?parent=112"}],"wp:term":[{"taxonomy":"product_cat","embeddable":true,"href":"https:\/\/www.viverosfranco.com\/gl\/wp-json\/wp\/v2\/product_cat?post=112"},{"taxonomy":"product_tag","embeddable":true,"href":"https:\/\/www.viverosfranco.com\/gl\/wp-json\/wp\/v2\/product_tag?post=112"}],"curies":[{"name":"wp","href":"https:\/\/api.w.org\/{rel}","templated":true}]}}