{"id":110,"date":"2018-11-29T13:32:34","date_gmt":"2018-11-29T12:32:34","guid":{"rendered":"https:\/\/www.viverosfranco.com\/?post_type=product&#038;p=110"},"modified":"2018-11-29T13:32:36","modified_gmt":"2018-11-29T12:32:36","slug":"chamaecyparis-lawsoniana-ellwoodii","status":"publish","type":"product","link":"https:\/\/www.viverosfranco.com\/gl\/producto\/chamaecyparis-lawsoniana-ellwoodii\/","title":{"rendered":"Chamaecyparis lawsoniana ellwoodii"},"content":{"rendered":"","protected":false},"excerpt":{"rendered":"<p>Ellwoodii es una variedad \u00fatil y codiciada de cipr\u00e9s de Lawson con follaje de azul verdoso a azul robado. Es una con\u00edfera perenne de crecimiento lento, de crecimiento muy denso.<\/p>\n<p>El falso cipr\u00e9s prefiere suelos h\u00famedos pero bien drenados, ligeramente \u00e1cidos, pero se adapta a casi todos los tipos de suelos. Puede ser podado, cortado o moldeado desde la primavera hasta el oto\u00f1o. Cult\u00edo a pleno sol o media sombra, ya sea en una cama de jard\u00edn o en una maceta al aire libre. Totalmente resistente al min. -29 \u00b0 C.<\/p>\n<p><strong>Presentaci\u00f3n:<\/strong><\/p>\n<table width=\"581\">\n<tbody>\n<tr>\n<td width=\"283\">Chamaecyparis Lawsoniana Elwodii<\/td>\n<td width=\"128\">80\/100<\/td>\n<td width=\"90\">m. alto.<\/td>\n<td width=\"80\">C-20<\/td>\n<\/tr>\n<\/tbody>\n<\/table>\n","protected":false},"featured_media":111,"template":"","meta":[],"product_cat":[19],"product_tag":[],"_links":{"self":[{"href":"https:\/\/www.viverosfranco.com\/gl\/wp-json\/wp\/v3\/product\/110"}],"collection":[{"href":"https:\/\/www.viverosfranco.com\/gl\/wp-json\/wp\/v3\/product"}],"about":[{"href":"https:\/\/www.viverosfranco.com\/gl\/wp-json\/wp\/v2\/types\/product"}],"version-history":[{"count":0,"href":"https:\/\/www.viverosfranco.com\/gl\/wp-json\/wp\/v3\/product\/110\/revisions"}],"wp:featuredmedia":[{"embeddable":true,"href":"https:\/\/www.viverosfranco.com\/gl\/wp-json\/wp\/v2\/media\/111"}],"wp:attachment":[{"href":"https:\/\/www.viverosfranco.com\/gl\/wp-json\/wp\/v2\/media?parent=110"}],"wp:term":[{"taxonomy":"product_cat","embeddable":true,"href":"https:\/\/www.viverosfranco.com\/gl\/wp-json\/wp\/v2\/product_cat?post=110"},{"taxonomy":"product_tag","embeddable":true,"href":"https:\/\/www.viverosfranco.com\/gl\/wp-json\/wp\/v2\/product_tag?post=110"}],"curies":[{"name":"wp","href":"https:\/\/api.w.org\/{rel}","templated":true}]}}