{"id":106,"date":"2018-11-29T13:21:01","date_gmt":"2018-11-29T12:21:01","guid":{"rendered":"https:\/\/www.viverosfranco.com\/?post_type=product&#038;p=106"},"modified":"2018-11-29T13:21:45","modified_gmt":"2018-11-29T12:21:45","slug":"cedrus-libani","status":"publish","type":"product","link":"https:\/\/www.viverosfranco.com\/gl\/producto\/cedrus-libani\/","title":{"rendered":"Cedrus libani"},"content":{"rendered":"","protected":false},"excerpt":{"rendered":"<p>Es un \u00e1rbol perennifolio, monoico que puede superar los 30 m de altura en la mayor\u00eda de las ocasiones. Esta con\u00edfera tiene el tronco grueso en la parte m\u00e1s baja y las ramas m\u00e1s bien ca\u00eddas, la copa es de forma piramidal con las ramas extendidas en horizontal; la corteza es de color pardo gris\u00e1ceo con fisuras densas.<\/p>\n<p>Prefiere los terrenos poco h\u00famedos, suelo ligero y fresco. Aguanta algo de caliza, no aguanta el fr\u00edo. La \u00e9poca de floraci\u00f3n es durante la primavera.<\/p>\n<p><strong>Presentaci\u00f3n:<\/strong><\/p>\n<table width=\"581\">\n<tbody>\n<tr>\n<td width=\"283\">Cedrus Libano<\/td>\n<td width=\"128\">75\/100<\/td>\n<td width=\"90\">m. alto<\/td>\n<td width=\"80\">C-20<\/td>\n<\/tr>\n<tr>\n<td>Cedrus Libano<\/td>\n<td>250\/300<\/td>\n<td>m. alto<\/td>\n<td>cepe<\/td>\n<\/tr>\n<tr>\n<td>Cedrus Libano<\/td>\n<td>300\/350<\/td>\n<td>m. alto<\/td>\n<td>cepe<\/td>\n<\/tr>\n<tr>\n<td>Cedrus Libano<\/td>\n<td>350\/400<\/td>\n<td>m. alto<\/td>\n<td>cepe<\/td>\n<\/tr>\n<tr>\n<td>Cedrus Libano<\/td>\n<td>400\/450<\/td>\n<td>m. alto<\/td>\n<td>cepe<\/td>\n<\/tr>\n<tr>\n<td>Cedrus Libano<\/td>\n<td>mayores<\/td>\n<td>consultar<\/td>\n<td><\/td>\n<\/tr>\n<\/tbody>\n<\/table>\n<p>&nbsp;<\/p>\n","protected":false},"featured_media":107,"template":"","meta":[],"product_cat":[19],"product_tag":[],"_links":{"self":[{"href":"https:\/\/www.viverosfranco.com\/gl\/wp-json\/wp\/v3\/product\/106"}],"collection":[{"href":"https:\/\/www.viverosfranco.com\/gl\/wp-json\/wp\/v3\/product"}],"about":[{"href":"https:\/\/www.viverosfranco.com\/gl\/wp-json\/wp\/v2\/types\/product"}],"version-history":[{"count":0,"href":"https:\/\/www.viverosfranco.com\/gl\/wp-json\/wp\/v3\/product\/106\/revisions"}],"wp:featuredmedia":[{"embeddable":true,"href":"https:\/\/www.viverosfranco.com\/gl\/wp-json\/wp\/v2\/media\/107"}],"wp:attachment":[{"href":"https:\/\/www.viverosfranco.com\/gl\/wp-json\/wp\/v2\/media?parent=106"}],"wp:term":[{"taxonomy":"product_cat","embeddable":true,"href":"https:\/\/www.viverosfranco.com\/gl\/wp-json\/wp\/v2\/product_cat?post=106"},{"taxonomy":"product_tag","embeddable":true,"href":"https:\/\/www.viverosfranco.com\/gl\/wp-json\/wp\/v2\/product_tag?post=106"}],"curies":[{"name":"wp","href":"https:\/\/api.w.org\/{rel}","templated":true}]}}