{"id":104,"date":"2018-11-29T13:17:48","date_gmt":"2018-11-29T12:17:48","guid":{"rendered":"https:\/\/www.viverosfranco.com\/?post_type=product&#038;p=104"},"modified":"2018-11-29T13:17:49","modified_gmt":"2018-11-29T12:17:49","slug":"cedrus-deodara-pendula","status":"publish","type":"product","link":"https:\/\/www.viverosfranco.com\/gl\/producto\/cedrus-deodara-pendula\/","title":{"rendered":"Cedrus deodara p\u00e9ndula"},"content":{"rendered":"","protected":false},"excerpt":{"rendered":"<p>Porte c\u00f3nico piramidal algo curvado en el \u00e1pice, muy utilizado con fines ornamentales.<br \/>\nPuede alcanzar una altura de 20m. y soporta bien la sequedad estival y puede tambi\u00e9n soportar temperaturas de -25\u00bac.<br \/>\nSe adapta a todo tipo de suelos aunque prefiere los que son profundos y los permeables no muy h\u00famedos. Distancia entre ejemplares 12-20m.<\/p>\n<p>Presentaci\u00f3n:<\/p>\n<table width=\"218\">\n<tbody>\n<tr>\n<td width=\"128\">250\/300<\/td>\n<td width=\"90\">m. alto<\/td>\n<\/tr>\n<\/tbody>\n<\/table>\n","protected":false},"featured_media":105,"template":"","meta":[],"product_cat":[19],"product_tag":[],"_links":{"self":[{"href":"https:\/\/www.viverosfranco.com\/gl\/wp-json\/wp\/v3\/product\/104"}],"collection":[{"href":"https:\/\/www.viverosfranco.com\/gl\/wp-json\/wp\/v3\/product"}],"about":[{"href":"https:\/\/www.viverosfranco.com\/gl\/wp-json\/wp\/v2\/types\/product"}],"version-history":[{"count":0,"href":"https:\/\/www.viverosfranco.com\/gl\/wp-json\/wp\/v3\/product\/104\/revisions"}],"wp:featuredmedia":[{"embeddable":true,"href":"https:\/\/www.viverosfranco.com\/gl\/wp-json\/wp\/v2\/media\/105"}],"wp:attachment":[{"href":"https:\/\/www.viverosfranco.com\/gl\/wp-json\/wp\/v2\/media?parent=104"}],"wp:term":[{"taxonomy":"product_cat","embeddable":true,"href":"https:\/\/www.viverosfranco.com\/gl\/wp-json\/wp\/v2\/product_cat?post=104"},{"taxonomy":"product_tag","embeddable":true,"href":"https:\/\/www.viverosfranco.com\/gl\/wp-json\/wp\/v2\/product_tag?post=104"}],"curies":[{"name":"wp","href":"https:\/\/api.w.org\/{rel}","templated":true}]}}